{"id":75553,"date":"2017-05-11T09:45:37","date_gmt":"2017-05-11T09:45:37","guid":{"rendered":"http:\/\/grupochapin.com\/?page_id=75553"},"modified":"2019-04-29T09:11:48","modified_gmt":"2019-04-29T08:11:48","slug":"imagenes-360","status":"publish","type":"page","link":"https:\/\/grupochapin.com\/en\/imagenes-360\/","title":{"rendered":"360"},"content":{"rendered":"[vc_row css=&#8221;.vc_custom_1494239472122{margin-bottom: 20px !important;}&#8221;][vc_column][vc_column_text]Trabajamos e invertimos diariamente para acercar a nuestros clientes las \u00faltimas novedades tecnol\u00f3gicas en seguridad y confort, con el fin de que sus viajes sean plenamente satisfactorios.\u00a0Nuestra flota de autocares, de m\u00e1s de 100 veh\u00edculos, se adaptan a las necesidades espec\u00edficas de cada cliente.<\/p>\n<p>Apostamos siempre por la m\u00e1xima <strong>SEGURIDAD<\/strong> y <strong>CONFORT<\/strong>, en todos y cada uno de nuestros autocares. Para ello, contamos en nuestra flota con autocares convencionales y adaptados para personas con movilidad reducida, que van desde minibuses de 9-19 plazas, hasta los de gran capacidad con 70 plazas.[\/vc_column_text][\/vc_column][\/vc_row][vc_row css=&#8221;.vc_custom_1494239524150{margin-top: -70px !important;margin-bottom: 20px !important;}&#8221;][vc_column width=&#8221;1\/2&#8243;][vc_column_text css_animation=&#8221;appear&#8221; el_class=&#8221;hover360&#8243;]<a class=\"venobox\" href=\"https:\/\/grupochapin.com\/vrview-master\/360\/interior03.html\" data-vbtype=\"iframe\"><img decoding=\"async\" loading=\"lazy\" class=\"alignnone size-full wp-image-75428\" src=\"https:\/\/grupochapin.com\/wp-content\/uploads\/2017\/05\/360-03.jpg\" alt=\"360\" width=\"555\" height=\"415\" \/><strong>Modelo de 54 plazas<\/strong><\/a>[\/vc_column_text][vc_column_text css_animation=&#8221;appear&#8221; el_class=&#8221;hover360&#8243;]<a class=\"venobox\" href=\"https:\/\/grupochapin.com\/vrview-master\/360\/interior05.html\" data-vbtype=\"iframe\"><img decoding=\"async\" loading=\"lazy\" class=\"alignnone size-full wp-image-75428\" src=\"https:\/\/grupochapin.com\/wp-content\/uploads\/2017\/05\/360-05.jpg\" alt=\"360\" width=\"555\" height=\"415\" \/><strong>Modelo de 54 plazas<\/strong><\/a>[\/vc_column_text][vc_column_text css_animation=&#8221;appear&#8221; el_class=&#8221;hover360&#8243;]<a class=\"venobox\" href=\"https:\/\/grupochapin.com\/vrview-master\/360\/interior07.html\" data-vbtype=\"iframe\"><img decoding=\"async\" loading=\"lazy\" class=\"alignnone size-full wp-image-75428\" src=\"https:\/\/grupochapin.com\/wp-content\/uploads\/2017\/05\/360-07.jpg\" alt=\"360\" width=\"555\" height=\"415\" \/><strong>Modelo King Long de 35 plazas<\/strong><\/a>[\/vc_column_text][vc_column_text css_animation=&#8221;appear&#8221; el_class=&#8221;hover360&#8243;]<a class=\"venobox\" href=\"https:\/\/grupochapin.com\/vrview-master\/360\/interior09.html\" data-vbtype=\"iframe\"><img decoding=\"async\" loading=\"lazy\" class=\"alignnone size-full wp-image-75428\" src=\"https:\/\/grupochapin.com\/wp-content\/uploads\/2017\/05\/360-09.jpg\" alt=\"360\" width=\"555\" height=\"415\" \/><strong>Modelo de 54 plazas<\/strong><\/a>[\/vc_column_text][\/vc_column][vc_column width=&#8221;1\/2&#8243;][vc_column_text css_animation=&#8221;appear&#8221; el_class=&#8221;hover360&#8243;]<a class=\"venobox\" href=\"https:\/\/grupochapin.com\/vrview-master\/360\/interior04.html\" data-vbtype=\"iframe\"><img decoding=\"async\" loading=\"lazy\" class=\"alignnone size-full wp-image-75428\" src=\"https:\/\/grupochapin.com\/wp-content\/uploads\/2017\/05\/360-04.jpg\" alt=\"360\" width=\"555\" height=\"415\" \/><strong>Modelo King Long de 35 plazas<\/strong><\/a>[\/vc_column_text][vc_column_text css_animation=&#8221;appear&#8221; el_class=&#8221;hover360&#8243;]<a class=\"venobox\" href=\"https:\/\/grupochapin.com\/vrview-master\/360\/interior06.html\" data-vbtype=\"iframe\"><img decoding=\"async\" loading=\"lazy\" class=\"alignnone size-full wp-image-75428\" src=\"https:\/\/grupochapin.com\/wp-content\/uploads\/2017\/05\/360-06.jpg\" alt=\"360\" width=\"555\" height=\"415\" \/><strong>V.I.P. de 19 plazas<\/strong><\/a>[\/vc_column_text][vc_column_text css_animation=&#8221;appear&#8221; el_class=&#8221;hover360&#8243;]<a class=\"venobox\" href=\"https:\/\/grupochapin.com\/vrview-master\/360\/interior08.html\" data-vbtype=\"iframe\"><img decoding=\"async\" loading=\"lazy\" class=\"alignnone size-full wp-image-75428\" src=\"https:\/\/grupochapin.com\/wp-content\/uploads\/2017\/05\/360-08.jpg\" alt=\"360\" width=\"555\" height=\"415\" \/><strong>Modelo IVECO de 28 plazas<\/strong><\/a>[\/vc_column_text][vc_column_text css_animation=&#8221;appear&#8221; el_class=&#8221;hover360&#8243;]<a class=\"venobox\" href=\"https:\/\/grupochapin.com\/vrview-master\/360\/interior10.html\" data-vbtype=\"iframe\"><img decoding=\"async\" loading=\"lazy\" class=\"alignnone size-full wp-image-75428\" src=\"https:\/\/grupochapin.com\/wp-content\/uploads\/2017\/05\/360-10.jpg\" alt=\"360\" width=\"555\" height=\"415\" \/><strong>V.I.P. de 19 plazas<\/strong><\/a>[\/vc_column_text][\/vc_column][\/vc_row]\n","protected":false},"excerpt":{"rendered":"<p>[vc_row css=&#8221;.vc_custom_1494239472122{margin-bottom: 20px !important;}&#8221;][vc_column][vc_column_text]Trabajamos e invertimos diariamente para acercar a nuestros clientes las \u00faltimas novedades tecnol\u00f3gicas en seguridad y confort, [&hellip;]<\/p>\n","protected":false},"author":1,"featured_media":0,"parent":0,"menu_order":1,"comment_status":"open","ping_status":"closed","template":"","meta":{"_monsterinsights_skip_tracking":false,"_monsterinsights_sitenote_active":false,"_monsterinsights_sitenote_note":"","_monsterinsights_sitenote_category":0},"yoast_head":"<!-- This site is optimized with the Yoast SEO plugin v21.0 - https:\/\/yoast.com\/wordpress\/plugins\/seo\/ -->\n<title>360 - Grupo CHAP\u00cdN<\/title>\n<meta name=\"description\" content=\"En Grupo Chap\u00edn, nuestra flota de autocares, de m\u00e1s de 100 veh\u00edculos, se adaptan a las necesidades espec\u00edficas de cada cliente.\" \/>\n<meta name=\"robots\" content=\"index, follow, max-snippet:-1, max-image-preview:large, max-video-preview:-1\" \/>\n<link rel=\"canonical\" href=\"https:\/\/grupochapin.com\/en\/imagenes-360\/\" \/>\n<meta property=\"og:locale\" content=\"en_US\" \/>\n<meta property=\"og:type\" content=\"article\" \/>\n<meta property=\"og:title\" content=\"360 - Grupo CHAP\u00cdN\" \/>\n<meta property=\"og:description\" content=\"En Grupo Chap\u00edn, nuestra flota de autocares, de m\u00e1s de 100 veh\u00edculos, se adaptan a las necesidades espec\u00edficas de cada cliente.\" \/>\n<meta property=\"og:url\" content=\"https:\/\/grupochapin.com\/en\/imagenes-360\/\" \/>\n<meta property=\"og:site_name\" content=\"Grupo CHAP\u00cdN\" \/>\n<meta property=\"article:publisher\" content=\"https:\/\/www.facebook.com\/GrupoChapin\/\" \/>\n<meta property=\"article:modified_time\" content=\"2019-04-29T08:11:48+00:00\" \/>\n<meta property=\"og:image\" content=\"https:\/\/grupochapin.com\/wp-content\/uploads\/2017\/05\/360-03.jpg\" \/>\n<meta name=\"twitter:card\" content=\"summary_large_image\" \/>\n<meta name=\"twitter:site\" content=\"@GrupoChapin\" \/>\n<meta name=\"twitter:label1\" content=\"Est. reading time\" \/>\n\t<meta name=\"twitter:data1\" content=\"1 minute\" \/>\n<script type=\"application\/ld+json\" class=\"yoast-schema-graph\">{\"@context\":\"https:\/\/schema.org\",\"@graph\":[{\"@type\":\"WebPage\",\"@id\":\"https:\/\/grupochapin.com\/en\/imagenes-360\/\",\"url\":\"https:\/\/grupochapin.com\/en\/imagenes-360\/\",\"name\":\"360 - Grupo CHAP\u00cdN\",\"isPartOf\":{\"@id\":\"https:\/\/grupochapin.com\/en\/#website\"},\"datePublished\":\"2017-05-11T09:45:37+00:00\",\"dateModified\":\"2019-04-29T08:11:48+00:00\",\"description\":\"En Grupo Chap\u00edn, nuestra flota de autocares, de m\u00e1s de 100 veh\u00edculos, se adaptan a las necesidades espec\u00edficas de cada cliente.\",\"breadcrumb\":{\"@id\":\"https:\/\/grupochapin.com\/en\/imagenes-360\/#breadcrumb\"},\"inLanguage\":\"en-US\",\"potentialAction\":[{\"@type\":\"ReadAction\",\"target\":[\"https:\/\/grupochapin.com\/en\/imagenes-360\/\"]}]},{\"@type\":\"BreadcrumbList\",\"@id\":\"https:\/\/grupochapin.com\/en\/imagenes-360\/#breadcrumb\",\"itemListElement\":[{\"@type\":\"ListItem\",\"position\":1,\"name\":\"Portada\",\"item\":\"https:\/\/grupochapin.com\/en\/\"},{\"@type\":\"ListItem\",\"position\":2,\"name\":\"360\"}]},{\"@type\":\"WebSite\",\"@id\":\"https:\/\/grupochapin.com\/en\/#website\",\"url\":\"https:\/\/grupochapin.com\/en\/\",\"name\":\"Grupo CHAP\u00cdN\",\"description\":\"Alquiler de autobuses y autocares en Madrid. Autobuses y autocarares con conductor en Madrid. Rutas escolares. Seguridad y confort.\",\"publisher\":{\"@id\":\"https:\/\/grupochapin.com\/en\/#organization\"},\"potentialAction\":[{\"@type\":\"SearchAction\",\"target\":{\"@type\":\"EntryPoint\",\"urlTemplate\":\"https:\/\/grupochapin.com\/en\/?s={search_term_string}\"},\"query-input\":\"required name=search_term_string\"}],\"inLanguage\":\"en-US\"},{\"@type\":\"Organization\",\"@id\":\"https:\/\/grupochapin.com\/en\/#organization\",\"name\":\"Grupo CHAP\u00cdN\",\"url\":\"https:\/\/grupochapin.com\/en\/\",\"logo\":{\"@type\":\"ImageObject\",\"inLanguage\":\"en-US\",\"@id\":\"https:\/\/grupochapin.com\/en\/#\/schema\/logo\/image\/\",\"url\":\"https:\/\/grupochapin.com\/wp-content\/uploads\/2017\/03\/logo.png\",\"contentUrl\":\"https:\/\/grupochapin.com\/wp-content\/uploads\/2017\/03\/logo.png\",\"width\":714,\"height\":193,\"caption\":\"Grupo CHAP\u00cdN\"},\"image\":{\"@id\":\"https:\/\/grupochapin.com\/en\/#\/schema\/logo\/image\/\"},\"sameAs\":[\"https:\/\/www.facebook.com\/GrupoChapin\/\",\"https:\/\/twitter.com\/GrupoChapin\",\"https:\/\/www.linkedin.com\/company\/grupo-chapin\",\"https:\/\/www.youtube.com\/channel\/UCCTQAilmUcKlKJ35SOnTgdQ\"]}]}<\/script>\n<!-- \/ Yoast SEO plugin. -->","yoast_head_json":{"title":"360 - Grupo CHAP\u00cdN","description":"En Grupo Chap\u00edn, nuestra flota de autocares, de m\u00e1s de 100 veh\u00edculos, se adaptan a las necesidades espec\u00edficas de cada cliente.","robots":{"index":"index","follow":"follow","max-snippet":"max-snippet:-1","max-image-preview":"max-image-preview:large","max-video-preview":"max-video-preview:-1"},"canonical":"https:\/\/grupochapin.com\/en\/imagenes-360\/","og_locale":"en_US","og_type":"article","og_title":"360 - Grupo CHAP\u00cdN","og_description":"En Grupo Chap\u00edn, nuestra flota de autocares, de m\u00e1s de 100 veh\u00edculos, se adaptan a las necesidades espec\u00edficas de cada cliente.","og_url":"https:\/\/grupochapin.com\/en\/imagenes-360\/","og_site_name":"Grupo CHAP\u00cdN","article_publisher":"https:\/\/www.facebook.com\/GrupoChapin\/","article_modified_time":"2019-04-29T08:11:48+00:00","og_image":[{"url":"https:\/\/grupochapin.com\/wp-content\/uploads\/2017\/05\/360-03.jpg"}],"twitter_card":"summary_large_image","twitter_site":"@GrupoChapin","twitter_misc":{"Est. reading time":"1 minute"},"schema":{"@context":"https:\/\/schema.org","@graph":[{"@type":"WebPage","@id":"https:\/\/grupochapin.com\/en\/imagenes-360\/","url":"https:\/\/grupochapin.com\/en\/imagenes-360\/","name":"360 - Grupo CHAP\u00cdN","isPartOf":{"@id":"https:\/\/grupochapin.com\/en\/#website"},"datePublished":"2017-05-11T09:45:37+00:00","dateModified":"2019-04-29T08:11:48+00:00","description":"En Grupo Chap\u00edn, nuestra flota de autocares, de m\u00e1s de 100 veh\u00edculos, se adaptan a las necesidades espec\u00edficas de cada cliente.","breadcrumb":{"@id":"https:\/\/grupochapin.com\/en\/imagenes-360\/#breadcrumb"},"inLanguage":"en-US","potentialAction":[{"@type":"ReadAction","target":["https:\/\/grupochapin.com\/en\/imagenes-360\/"]}]},{"@type":"BreadcrumbList","@id":"https:\/\/grupochapin.com\/en\/imagenes-360\/#breadcrumb","itemListElement":[{"@type":"ListItem","position":1,"name":"Portada","item":"https:\/\/grupochapin.com\/en\/"},{"@type":"ListItem","position":2,"name":"360"}]},{"@type":"WebSite","@id":"https:\/\/grupochapin.com\/en\/#website","url":"https:\/\/grupochapin.com\/en\/","name":"Grupo CHAP\u00cdN","description":"Alquiler de autobuses y autocares en Madrid. Autobuses y autocarares con conductor en Madrid. Rutas escolares. Seguridad y confort.","publisher":{"@id":"https:\/\/grupochapin.com\/en\/#organization"},"potentialAction":[{"@type":"SearchAction","target":{"@type":"EntryPoint","urlTemplate":"https:\/\/grupochapin.com\/en\/?s={search_term_string}"},"query-input":"required name=search_term_string"}],"inLanguage":"en-US"},{"@type":"Organization","@id":"https:\/\/grupochapin.com\/en\/#organization","name":"Grupo CHAP\u00cdN","url":"https:\/\/grupochapin.com\/en\/","logo":{"@type":"ImageObject","inLanguage":"en-US","@id":"https:\/\/grupochapin.com\/en\/#\/schema\/logo\/image\/","url":"https:\/\/grupochapin.com\/wp-content\/uploads\/2017\/03\/logo.png","contentUrl":"https:\/\/grupochapin.com\/wp-content\/uploads\/2017\/03\/logo.png","width":714,"height":193,"caption":"Grupo CHAP\u00cdN"},"image":{"@id":"https:\/\/grupochapin.com\/en\/#\/schema\/logo\/image\/"},"sameAs":["https:\/\/www.facebook.com\/GrupoChapin\/","https:\/\/twitter.com\/GrupoChapin","https:\/\/www.linkedin.com\/company\/grupo-chapin","https:\/\/www.youtube.com\/channel\/UCCTQAilmUcKlKJ35SOnTgdQ"]}]}},"_links":{"self":[{"href":"https:\/\/grupochapin.com\/en\/wp-json\/wp\/v2\/pages\/75553"}],"collection":[{"href":"https:\/\/grupochapin.com\/en\/wp-json\/wp\/v2\/pages"}],"about":[{"href":"https:\/\/grupochapin.com\/en\/wp-json\/wp\/v2\/types\/page"}],"author":[{"embeddable":true,"href":"https:\/\/grupochapin.com\/en\/wp-json\/wp\/v2\/users\/1"}],"replies":[{"embeddable":true,"href":"https:\/\/grupochapin.com\/en\/wp-json\/wp\/v2\/comments?post=75553"}],"version-history":[{"count":8,"href":"https:\/\/grupochapin.com\/en\/wp-json\/wp\/v2\/pages\/75553\/revisions"}],"predecessor-version":[{"id":78970,"href":"https:\/\/grupochapin.com\/en\/wp-json\/wp\/v2\/pages\/75553\/revisions\/78970"}],"wp:attachment":[{"href":"https:\/\/grupochapin.com\/en\/wp-json\/wp\/v2\/media?parent=75553"}],"curies":[{"name":"wp","href":"https:\/\/api.w.org\/{rel}","templated":true}]}}