{"id":75556,"date":"2015-07-02T10:27:47","date_gmt":"2015-07-02T10:27:47","guid":{"rendered":"http:\/\/grupochapin.com\/?page_id=75556"},"modified":"2019-10-22T12:19:16","modified_gmt":"2019-10-22T11:19:16","slug":"comfort","status":"publish","type":"page","link":"https:\/\/grupochapin.com\/en\/our-fleet\/comfort\/","title":{"rendered":"Comfort"},"content":{"rendered":"[vc_row][vc_column][vc_row_inner][vc_column_inner width=&#8221;1\/2&#8243;][vc_custom_heading text=&#8221;Comfort&#8221; font_container=&#8221;tag:h2|text_align:left|color:%23111111&#8243; use_theme_fonts=&#8221;yes&#8221; el_class=&#8221;style3&#8243; css=&#8221;.vc_custom_1559050848586{margin-bottom: 30px !important;}&#8221;][vc_column_text el_class=&#8221;gray&#8221;]\n<p class=\"Textbody\"><span lang=\"DE\">In GRUPO CHAP\u00cdN we work and invest on a daily basis to bring to our customers the latest technological developments in safety and comfort, so that their trips are fully satisfactory.<\/span><\/p>\n<p>Grupo Chapin buses: the ultimate in comfort.[\/vc_column_text][\/vc_column_inner][vc_column_inner width=&#8221;1\/2&#8243;][vc_single_image image=&#8221;75344&#8243; img_size=&#8221;full&#8221; alignment=&#8221;center&#8221;][\/vc_column_inner][\/vc_row_inner][vc_separator][vc_row_inner css=&#8221;.vc_custom_1437446872988{margin-bottom: 70px !important;}&#8221;][vc_column_inner width=&#8221;1\/2&#8243;][vc_custom_heading text=&#8221;MAXIMUM AMENITIES AND COMFORT&#8221; font_container=&#8221;tag:h3|font_size:24|text_align:left|color:%23111111|line_height:1&#8243; use_theme_fonts=&#8221;yes&#8221; css=&#8221;.vc_custom_1559050893904{margin-top: 10px !important;margin-bottom: 20px !important;}&#8221;][vc_column_text el_class=&#8221;gray&#8221;]Our vehicles have the following characteristics:<\/p>\n<ul class=\"style1\">\n<li>Air conditioning and heating.<\/li>\n<li>Convectors of heating\/air conditioning in travelers compartments.<\/li>\n<li>Double sided tinted windows.<\/li>\n<li>Renovation of indoor air greater than 15m3 \/ h * passenger.<\/li>\n<li>Pre-heater with programmer.<\/li>\n<li>Folding armrest.<\/li>\n<li>Seats and backrest of the seats, properly padded and covered in fabric or natural leather.<\/li>\n<li>Minimum backrest height of 68 cm.<\/li>\n<li>Recliners.<\/li>\n<li>Absence of slopes on the ground.<\/li>\n<li>Pneumatic driver&#8217;s seat.<\/li>\n<li>Driver and crew microphone, if applicable.<\/li>\n<li>GPRS and mobile telephony in all vehicles.<\/li>\n<li>Multimedia playback system or DVD, CD.<\/li>\n<li>Individual lighting in the front.<\/li>\n<li>USB, Plugs.<\/li>\n<li>WIFI.<\/li>\n<\/ul>\n[\/vc_column_text][\/vc_column_inner][vc_column_inner width=&#8221;1\/2&#8243;][vc_custom_heading text=&#8221;COMFORT OPTIONS&#8221; font_container=&#8221;tag:h3|font_size:24|text_align:left|color:%23111111|line_height:1&#8243; use_theme_fonts=&#8221;yes&#8221; css=&#8221;.vc_custom_1559051112221{margin-top: 10px !important;margin-bottom: 20px !important;}&#8221;][vc_column_text el_class=&#8221;gray&#8221;]In addition, we offer added comfort options in our coaches, such as:<\/p>\n<ul>\n<li>Gaming tables.<\/li>\n<li>Hostess or local guide, specialized instructor in school transport or people with reduced mobility (PMR).<\/li>\n<li>Leather seats.<\/li>\n<li>Footrest.<\/li>\n<li>Catering Services.<\/li>\n<li>Daily Press.<\/li>\n<li>Safety box\/locker.<\/li>\n<\/ul>\n[\/vc_column_text][\/vc_column_inner][\/vc_row_inner][\/vc_column][\/vc_row][vc_row full_width=&#8221;stretch_row&#8221; content_placement=&#8221;middle&#8221; css=&#8221;.vc_custom_1571743150570{margin-bottom: 0px !important;border-top-width: 1px !important;padding-top: 25px !important;padding-bottom: 10px !important;background-color: #eeeeee !important;border-top-color: #dddddd !important;border-top-style: solid !important;}&#8221; el_class=&#8221;align-center&#8221;][vc_column css=&#8221;.vc_custom_1460370804274{padding-top: 0px !important;padding-bottom: 0px !important;}&#8221;]<noscript class=\"ninja-forms-noscript-message\">\n\tNotice: JavaScript is required for this content.<\/noscript>\n<div id=\"nf-form-8-cont\" class=\"nf-form-cont\" aria-live=\"polite\" aria-labelledby=\"nf-form-title-8\" aria-describedby=\"nf-form-errors-8\" role=\"form\">\n\n    <div class=\"nf-loading-spinner\"><\/div>\n\n<\/div>\n        <!-- TODO: Move to Template File. -->\n        <script>var formDisplay=1;var nfForms=nfForms||[];var form=[];form.id='8';form.settings={\"objectType\":\"Form Setting\",\"editActive\":true,\"title\":\"Suscripci\\u00f3n Newsletter - EN\",\"created_at\":\"2019-10-22 09:27:28\",\"default_label_pos\":\"above\",\"show_title\":\"0\",\"clear_complete\":\"1\",\"hide_complete\":\"1\",\"logged_in\":\"0\",\"key\":\"\",\"wrapper_class\":\"\",\"element_class\":\"\",\"add_submit\":\"0\",\"not_logged_in_msg\":\"\",\"sub_limit_number\":\"\",\"sub_limit_msg\":\"\",\"calculations\":[],\"formContentData\":[\"html_1571211378378\",\"listcheckbox_1571295309778\",\"email\",\"subscribe_me_1571729615452\",\"less_than_a_href_en_privacy-and-data-protection-policy_target_blank_greater_than_i_have_read_and_accept_the_conditions_of_use_less_than_a_greater_than_1571732444479\"],\"allow_public_link\":\"0\",\"embed_form\":\"\",\"currency\":\"EUR\",\"unique_field_error\":\"Ya se ha enviado un formulario con este valor.\",\"public_link\":\"https:\\\/\\\/grupochapin.com\\\/ninja-forms\\\/7l2dx\",\"changeEmailErrorMsg\":\"Please enter a valid email address!\",\"changeDateErrorMsg\":\"Please enter a valid date!\",\"confirmFieldErrorMsg\":\"These fields must match!\",\"fieldNumberNumMinError\":\"Number Min Error\",\"fieldNumberNumMaxError\":\"Number Max Error\",\"fieldNumberIncrementBy\":\"Please increment by \",\"formErrorsCorrectErrors\":\"Please correct errors before submitting this form.\",\"validateRequiredField\":\"This is a required field.\",\"honeypotHoneypotError\":\"Honeypot Error\",\"fieldsMarkedRequired\":\"Fields marked with an <span class=\\\"ninja-forms-req-symbol\\\">*<\\\/span> are required\",\"public_link_key\":\"7l2dx\",\"drawerDisabled\":false,\"ninjaForms\":\"Ninja Forms\",\"fieldTextareaRTEInsertLink\":\"Insert Link\",\"fieldTextareaRTEInsertMedia\":\"Insert Media\",\"fieldTextareaRTESelectAFile\":\"Select a file\",\"formHoneypot\":\"If you are a human seeing this field, please leave it empty.\",\"fileUploadOldCodeFileUploadInProgress\":\"File Upload in Progress.\",\"fileUploadOldCodeFileUpload\":\"FILE UPLOAD\",\"currencySymbol\":\"&euro;\",\"thousands_sep\":\",\",\"decimal_point\":\".\",\"siteLocale\":\"en_US\",\"dateFormat\":\"m\\\/d\\\/Y\",\"startOfWeek\":\"1\",\"of\":\"of\",\"previousMonth\":\"Previous Month\",\"nextMonth\":\"Next Month\",\"months\":[\"January\",\"February\",\"March\",\"April\",\"May\",\"June\",\"July\",\"August\",\"September\",\"October\",\"November\",\"December\"],\"monthsShort\":[\"Jan\",\"Feb\",\"Mar\",\"Apr\",\"May\",\"Jun\",\"Jul\",\"Aug\",\"Sep\",\"Oct\",\"Nov\",\"Dec\"],\"weekdays\":[\"Sunday\",\"Monday\",\"Tuesday\",\"Wednesday\",\"Thursday\",\"Friday\",\"Saturday\"],\"weekdaysShort\":[\"Sun\",\"Mon\",\"Tue\",\"Wed\",\"Thu\",\"Fri\",\"Sat\"],\"weekdaysMin\":[\"Su\",\"Mo\",\"Tu\",\"We\",\"Th\",\"Fr\",\"Sa\"],\"recaptchaConsentMissing\":\"reCapctha validation couldn&#039;t load.\",\"recaptchaMissingCookie\":\"reCaptcha v3 validation couldn&#039;t load the cookie needed to submit the form.\",\"recaptchaConsentEvent\":\"Accept reCaptcha cookies before sending the form.\",\"currency_symbol\":\"&euro;\",\"beforeForm\":\"\",\"beforeFields\":\"\",\"afterFields\":\"\",\"afterForm\":\"\"};form.fields=[{\"objectType\":\"Field\",\"objectDomain\":\"fields\",\"editActive\":false,\"order\":1,\"label\":\"HTML\",\"type\":\"html\",\"default\":\"<div style=\\\"text-align:left;\\\"><span style=\\\"font-family: -apple-system, BlinkMacSystemFont, &quot;Segoe UI&quot;, Roboto, Oxygen-Sans, Ubuntu, Cantarell, &quot;Helvetica Neue&quot;, sans-serif;\\\">Suscribe to our newsletters<\\\/span>:<\\\/div>\",\"container_class\":\"\",\"element_class\":\"\",\"key\":\"html_1571211378378\",\"drawerDisabled\":false,\"field_label\":\"HTML\",\"field_key\":\"html_1571211378378\",\"id\":109,\"beforeField\":\"\",\"afterField\":\"\",\"value\":\"<div style=\\\"text-align:left;\\\"><span style=\\\"font-family: -apple-system, BlinkMacSystemFont, &quot;Segoe UI&quot;, Roboto, Oxygen-Sans, Ubuntu, Cantarell, &quot;Helvetica Neue&quot;, sans-serif;\\\">Suscribe to our newsletters<\\\/span>:<\\\/div>\",\"label_pos\":\"above\",\"parentType\":\"html\",\"element_templates\":[\"html\",\"input\"],\"old_classname\":\"\",\"wrap_template\":\"wrap\"},{\"objectType\":\"Field\",\"objectDomain\":\"fields\",\"editActive\":false,\"order\":2,\"label\":\"Lista del cuadro de verificaci\\u00f3n\",\"type\":\"listcheckbox\",\"key\":\"listcheckbox_1571295309778\",\"label_pos\":\"hidden\",\"required\":1,\"options\":[{\"errors\":[],\"max_options\":0,\"label\":\"Newsletter for companies\",\"value\":\"Empresas\",\"calc\":\"\",\"selected\":0,\"order\":0,\"settingModel\":{\"settings\":false,\"hide_merge_tags\":false,\"error\":false,\"name\":\"options\",\"type\":\"option-repeater\",\"label\":\"Opciones <a href=\\\"#\\\" class=\\\"nf-add-new\\\">A\\u00f1adir nuevo<\\\/a> <a href=\\\"#\\\" class=\\\"extra nf-open-import-tooltip\\\"><i class=\\\"fa fa-sign-in\\\" aria-hidden=\\\"true\\\"><\\\/i> Importar<\\\/a>\",\"width\":\"full\",\"group\":\"\",\"value\":[{\"label\":\"Uno\",\"value\":\"uno\",\"calc\":\"\",\"selected\":0,\"order\":0},{\"label\":\"Dos\",\"value\":\"dos\",\"calc\":\"\",\"selected\":0,\"order\":1},{\"label\":\"Tres\",\"value\":\"tres\",\"calc\":\"\",\"selected\":0,\"order\":2}],\"columns\":{\"label\":{\"header\":\"Etiqueta\",\"default\":\"\"},\"value\":{\"header\":\"Valor\",\"default\":\"\"},\"calc\":{\"header\":\"Valor calc\",\"default\":\"\"},\"selected\":{\"header\":\"<span class=\\\"dashicons dashicons-yes\\\"><\\\/span>\",\"default\":0}}},\"manual_value\":true},{\"errors\":[],\"max_options\":0,\"label\":\"Newsletter for schools and education centres\",\"value\":\"Escuelas\",\"calc\":\"\",\"selected\":0,\"order\":1,\"settingModel\":{\"settings\":false,\"hide_merge_tags\":false,\"error\":false,\"name\":\"options\",\"type\":\"option-repeater\",\"label\":\"Opciones <a href=\\\"#\\\" class=\\\"nf-add-new\\\">A\\u00f1adir nuevo<\\\/a> <a href=\\\"#\\\" class=\\\"extra nf-open-import-tooltip\\\"><i class=\\\"fa fa-sign-in\\\" aria-hidden=\\\"true\\\"><\\\/i> Importar<\\\/a>\",\"width\":\"full\",\"group\":\"\",\"value\":[{\"label\":\"Uno\",\"value\":\"uno\",\"calc\":\"\",\"selected\":0,\"order\":0},{\"label\":\"Dos\",\"value\":\"dos\",\"calc\":\"\",\"selected\":0,\"order\":1},{\"label\":\"Tres\",\"value\":\"tres\",\"calc\":\"\",\"selected\":0,\"order\":2}],\"columns\":{\"label\":{\"header\":\"Etiqueta\",\"default\":\"\"},\"value\":{\"header\":\"Valor\",\"default\":\"\"},\"calc\":{\"header\":\"Valor calc\",\"default\":\"\"},\"selected\":{\"header\":\"<span class=\\\"dashicons dashicons-yes\\\"><\\\/span>\",\"default\":0}}},\"manual_value\":true}],\"container_class\":\"\",\"element_class\":\"\",\"admin_label\":\"\",\"help_text\":\"\",\"drawerDisabled\":\"\",\"field_label\":\"Lista del cuadro de verificaci\\u00f3n\",\"field_key\":\"listcheckbox_1571295309778\",\"id\":110,\"beforeField\":\"\",\"afterField\":\"\",\"value\":\"\",\"parentType\":\"list\",\"element_templates\":[\"listcheckbox\",\"input\"],\"old_classname\":\"list-checkbox\",\"wrap_template\":\"wrap\"},{\"objectType\":\"Field\",\"objectDomain\":\"fields\",\"editActive\":false,\"order\":3,\"label\":\"Email\",\"key\":\"email\",\"type\":\"email\",\"created_at\":\"2016-08-28 16:16:05\",\"label_pos\":\"hidden\",\"required\":1,\"default\":\"\",\"placeholder\":\"Your email address\",\"container_class\":\"one-half first\",\"element_class\":\"\",\"admin_label\":\"\",\"help_text\":\"<p><br><\\\/p>\",\"desc_text\":\"\",\"field_label\":\"Email\",\"field_key\":\"email\",\"custom_name_attribute\":\"email\",\"personally_identifiable\":1,\"value\":\"\",\"drawerDisabled\":false,\"id\":107,\"beforeField\":\"\",\"afterField\":\"\",\"parentType\":\"email\",\"element_templates\":[\"email\",\"input\"],\"old_classname\":\"\",\"wrap_template\":\"wrap\"},{\"objectType\":\"Field\",\"objectDomain\":\"fields\",\"editActive\":false,\"order\":4,\"label\":\"Subscribe me\",\"key\":\"subscribe_me_1571729615452\",\"type\":\"submit\",\"created_at\":\"2016-08-28 16:16:05\",\"processing_label\":\"Sending\",\"container_class\":\"one-half\",\"element_class\":\"\",\"field_label\":\"Suscribirme\",\"field_key\":\"suscribirme_1571209748532\",\"drawerDisabled\":false,\"id\":106,\"beforeField\":\"\",\"afterField\":\"\",\"value\":\"\",\"label_pos\":\"above\",\"parentType\":\"textbox\",\"element_templates\":[\"submit\",\"button\",\"input\"],\"old_classname\":\"\",\"wrap_template\":\"wrap-no-label\"},{\"objectType\":\"Field\",\"objectDomain\":\"fields\",\"editActive\":false,\"order\":5,\"label\":\"<a href=\\\"\\\/en\\\/privacy-and-data-protection-policy\\\/\\\" target=\\\"_blank\\\">I have read and accept the conditions of use<\\\/a>\",\"type\":\"checkbox\",\"key\":\"less_than_a_href_en_privacy-and-data-protection-policy_target_blank_greater_than_i_have_read_and_accept_the_conditions_of_use_less_than_a_greater_than_1571732444479\",\"label_pos\":\"right\",\"required\":1,\"container_class\":\"\",\"element_class\":\"\",\"manual_key\":\"\",\"admin_label\":\"\",\"help_text\":\"<p><br><\\\/p>\",\"default_value\":\"unchecked\",\"checked_value\":\"Marcado\",\"unchecked_value\":\"Desmarcado\",\"checked_calc_value\":\"\",\"unchecked_calc_value\":\"\",\"drawerDisabled\":false,\"field_label\":\"<a href=\\\"\\\/politica-de-privacidad-y-proteccion-de-datos\\\/ \\\"target=_blank\\\" \\\">He le\\u00eddo y acepto las condiciones de uso<\\\/a>\",\"field_key\":\"less_than_a_href_politica-de-privacidad-y-proteccion-de-datos_target_blank_greater_than_he_leido_y_acepto_las_condiciones_de_uso_less_than_a_greater_than_1571208500781\",\"id\":108,\"beforeField\":\"\",\"afterField\":\"\",\"value\":\"\",\"parentType\":\"checkbox\",\"element_templates\":[\"checkbox\",\"input\"],\"old_classname\":\"\",\"wrap_template\":\"wrap\"}];nfForms.push(form);<\/script>\n        [\/vc_column][\/vc_row]\n","protected":false},"excerpt":{"rendered":"<p>[vc_row][vc_column][vc_row_inner][vc_column_inner width=&#8221;1\/2&#8243;][vc_custom_heading text=&#8221;Comfort&#8221; font_container=&#8221;tag:h2|text_align:left|color:%23111111&#8243; use_theme_fonts=&#8221;yes&#8221; el_class=&#8221;style3&#8243; css=&#8221;.vc_custom_1559050848586{margin-bottom: 30px !important;}&#8221;][vc_column_text el_class=&#8221;gray&#8221;] In GRUPO CHAP\u00cdN we work and invest on a daily [&hellip;]<\/p>\n","protected":false},"author":1,"featured_media":0,"parent":75551,"menu_order":27,"comment_status":"closed","ping_status":"closed","template":"","meta":{"_monsterinsights_skip_tracking":false,"_monsterinsights_sitenote_active":false,"_monsterinsights_sitenote_note":"","_monsterinsights_sitenote_category":0},"yoast_head":"<!-- This site is optimized with the Yoast SEO plugin v21.0 - https:\/\/yoast.com\/wordpress\/plugins\/seo\/ -->\n<title>Comfort - Grupo CHAP\u00cdN<\/title>\n<meta name=\"description\" content=\"Autobuses en Madrid: trabajamos e invertimos diariamente para acercar a nuestros clientes las \u00faltimas novedades tecnol\u00f3gicas en seguridad y confort.\" \/>\n<meta name=\"robots\" content=\"index, follow, max-snippet:-1, max-image-preview:large, max-video-preview:-1\" \/>\n<link rel=\"canonical\" href=\"https:\/\/grupochapin.com\/en\/our-fleet\/comfort\/\" \/>\n<meta property=\"og:locale\" content=\"en_US\" \/>\n<meta property=\"og:type\" content=\"article\" \/>\n<meta property=\"og:title\" content=\"Comfort - Grupo CHAP\u00cdN\" \/>\n<meta property=\"og:description\" content=\"Autobuses en Madrid: trabajamos e invertimos diariamente para acercar a nuestros clientes las \u00faltimas novedades tecnol\u00f3gicas en seguridad y confort.\" \/>\n<meta property=\"og:url\" content=\"https:\/\/grupochapin.com\/en\/our-fleet\/comfort\/\" \/>\n<meta property=\"og:site_name\" content=\"Grupo CHAP\u00cdN\" \/>\n<meta property=\"article:publisher\" content=\"https:\/\/www.facebook.com\/GrupoChapin\/\" \/>\n<meta property=\"article:modified_time\" content=\"2019-10-22T11:19:16+00:00\" \/>\n<meta name=\"twitter:card\" content=\"summary_large_image\" \/>\n<meta name=\"twitter:site\" content=\"@GrupoChapin\" \/>\n<meta name=\"twitter:label1\" content=\"Est. reading time\" \/>\n\t<meta name=\"twitter:data1\" content=\"2 minutes\" \/>\n<script type=\"application\/ld+json\" class=\"yoast-schema-graph\">{\"@context\":\"https:\/\/schema.org\",\"@graph\":[{\"@type\":\"WebPage\",\"@id\":\"https:\/\/grupochapin.com\/en\/our-fleet\/comfort\/\",\"url\":\"https:\/\/grupochapin.com\/en\/our-fleet\/comfort\/\",\"name\":\"Comfort - Grupo CHAP\u00cdN\",\"isPartOf\":{\"@id\":\"https:\/\/grupochapin.com\/en\/#website\"},\"datePublished\":\"2015-07-02T10:27:47+00:00\",\"dateModified\":\"2019-10-22T11:19:16+00:00\",\"description\":\"Autobuses en Madrid: trabajamos e invertimos diariamente para acercar a nuestros clientes las \u00faltimas novedades tecnol\u00f3gicas en seguridad y confort.\",\"breadcrumb\":{\"@id\":\"https:\/\/grupochapin.com\/en\/our-fleet\/comfort\/#breadcrumb\"},\"inLanguage\":\"en-US\",\"potentialAction\":[{\"@type\":\"ReadAction\",\"target\":[\"https:\/\/grupochapin.com\/en\/our-fleet\/comfort\/\"]}]},{\"@type\":\"BreadcrumbList\",\"@id\":\"https:\/\/grupochapin.com\/en\/our-fleet\/comfort\/#breadcrumb\",\"itemListElement\":[{\"@type\":\"ListItem\",\"position\":1,\"name\":\"Portada\",\"item\":\"https:\/\/grupochapin.com\/en\/\"},{\"@type\":\"ListItem\",\"position\":2,\"name\":\"Our fleet\",\"item\":\"https:\/\/grupochapin.com\/en\/our-fleet\/\"},{\"@type\":\"ListItem\",\"position\":3,\"name\":\"Comfort\"}]},{\"@type\":\"WebSite\",\"@id\":\"https:\/\/grupochapin.com\/en\/#website\",\"url\":\"https:\/\/grupochapin.com\/en\/\",\"name\":\"Grupo CHAP\u00cdN\",\"description\":\"Alquiler de autobuses y autocares en Madrid. Autobuses y autocarares con conductor en Madrid. Rutas escolares. Seguridad y confort.\",\"publisher\":{\"@id\":\"https:\/\/grupochapin.com\/en\/#organization\"},\"potentialAction\":[{\"@type\":\"SearchAction\",\"target\":{\"@type\":\"EntryPoint\",\"urlTemplate\":\"https:\/\/grupochapin.com\/en\/?s={search_term_string}\"},\"query-input\":\"required name=search_term_string\"}],\"inLanguage\":\"en-US\"},{\"@type\":\"Organization\",\"@id\":\"https:\/\/grupochapin.com\/en\/#organization\",\"name\":\"Grupo CHAP\u00cdN\",\"url\":\"https:\/\/grupochapin.com\/en\/\",\"logo\":{\"@type\":\"ImageObject\",\"inLanguage\":\"en-US\",\"@id\":\"https:\/\/grupochapin.com\/en\/#\/schema\/logo\/image\/\",\"url\":\"https:\/\/grupochapin.com\/wp-content\/uploads\/2017\/03\/logo.png\",\"contentUrl\":\"https:\/\/grupochapin.com\/wp-content\/uploads\/2017\/03\/logo.png\",\"width\":714,\"height\":193,\"caption\":\"Grupo CHAP\u00cdN\"},\"image\":{\"@id\":\"https:\/\/grupochapin.com\/en\/#\/schema\/logo\/image\/\"},\"sameAs\":[\"https:\/\/www.facebook.com\/GrupoChapin\/\",\"https:\/\/twitter.com\/GrupoChapin\",\"https:\/\/www.linkedin.com\/company\/grupo-chapin\",\"https:\/\/www.youtube.com\/channel\/UCCTQAilmUcKlKJ35SOnTgdQ\"]}]}<\/script>\n<!-- \/ Yoast SEO plugin. -->","yoast_head_json":{"title":"Comfort - Grupo CHAP\u00cdN","description":"Autobuses en Madrid: trabajamos e invertimos diariamente para acercar a nuestros clientes las \u00faltimas novedades tecnol\u00f3gicas en seguridad y confort.","robots":{"index":"index","follow":"follow","max-snippet":"max-snippet:-1","max-image-preview":"max-image-preview:large","max-video-preview":"max-video-preview:-1"},"canonical":"https:\/\/grupochapin.com\/en\/our-fleet\/comfort\/","og_locale":"en_US","og_type":"article","og_title":"Comfort - Grupo CHAP\u00cdN","og_description":"Autobuses en Madrid: trabajamos e invertimos diariamente para acercar a nuestros clientes las \u00faltimas novedades tecnol\u00f3gicas en seguridad y confort.","og_url":"https:\/\/grupochapin.com\/en\/our-fleet\/comfort\/","og_site_name":"Grupo CHAP\u00cdN","article_publisher":"https:\/\/www.facebook.com\/GrupoChapin\/","article_modified_time":"2019-10-22T11:19:16+00:00","twitter_card":"summary_large_image","twitter_site":"@GrupoChapin","twitter_misc":{"Est. reading time":"2 minutes"},"schema":{"@context":"https:\/\/schema.org","@graph":[{"@type":"WebPage","@id":"https:\/\/grupochapin.com\/en\/our-fleet\/comfort\/","url":"https:\/\/grupochapin.com\/en\/our-fleet\/comfort\/","name":"Comfort - Grupo CHAP\u00cdN","isPartOf":{"@id":"https:\/\/grupochapin.com\/en\/#website"},"datePublished":"2015-07-02T10:27:47+00:00","dateModified":"2019-10-22T11:19:16+00:00","description":"Autobuses en Madrid: trabajamos e invertimos diariamente para acercar a nuestros clientes las \u00faltimas novedades tecnol\u00f3gicas en seguridad y confort.","breadcrumb":{"@id":"https:\/\/grupochapin.com\/en\/our-fleet\/comfort\/#breadcrumb"},"inLanguage":"en-US","potentialAction":[{"@type":"ReadAction","target":["https:\/\/grupochapin.com\/en\/our-fleet\/comfort\/"]}]},{"@type":"BreadcrumbList","@id":"https:\/\/grupochapin.com\/en\/our-fleet\/comfort\/#breadcrumb","itemListElement":[{"@type":"ListItem","position":1,"name":"Portada","item":"https:\/\/grupochapin.com\/en\/"},{"@type":"ListItem","position":2,"name":"Our fleet","item":"https:\/\/grupochapin.com\/en\/our-fleet\/"},{"@type":"ListItem","position":3,"name":"Comfort"}]},{"@type":"WebSite","@id":"https:\/\/grupochapin.com\/en\/#website","url":"https:\/\/grupochapin.com\/en\/","name":"Grupo CHAP\u00cdN","description":"Alquiler de autobuses y autocares en Madrid. Autobuses y autocarares con conductor en Madrid. Rutas escolares. Seguridad y confort.","publisher":{"@id":"https:\/\/grupochapin.com\/en\/#organization"},"potentialAction":[{"@type":"SearchAction","target":{"@type":"EntryPoint","urlTemplate":"https:\/\/grupochapin.com\/en\/?s={search_term_string}"},"query-input":"required name=search_term_string"}],"inLanguage":"en-US"},{"@type":"Organization","@id":"https:\/\/grupochapin.com\/en\/#organization","name":"Grupo CHAP\u00cdN","url":"https:\/\/grupochapin.com\/en\/","logo":{"@type":"ImageObject","inLanguage":"en-US","@id":"https:\/\/grupochapin.com\/en\/#\/schema\/logo\/image\/","url":"https:\/\/grupochapin.com\/wp-content\/uploads\/2017\/03\/logo.png","contentUrl":"https:\/\/grupochapin.com\/wp-content\/uploads\/2017\/03\/logo.png","width":714,"height":193,"caption":"Grupo CHAP\u00cdN"},"image":{"@id":"https:\/\/grupochapin.com\/en\/#\/schema\/logo\/image\/"},"sameAs":["https:\/\/www.facebook.com\/GrupoChapin\/","https:\/\/twitter.com\/GrupoChapin","https:\/\/www.linkedin.com\/company\/grupo-chapin","https:\/\/www.youtube.com\/channel\/UCCTQAilmUcKlKJ35SOnTgdQ"]}]}},"_links":{"self":[{"href":"https:\/\/grupochapin.com\/en\/wp-json\/wp\/v2\/pages\/75556"}],"collection":[{"href":"https:\/\/grupochapin.com\/en\/wp-json\/wp\/v2\/pages"}],"about":[{"href":"https:\/\/grupochapin.com\/en\/wp-json\/wp\/v2\/types\/page"}],"author":[{"embeddable":true,"href":"https:\/\/grupochapin.com\/en\/wp-json\/wp\/v2\/users\/1"}],"replies":[{"embeddable":true,"href":"https:\/\/grupochapin.com\/en\/wp-json\/wp\/v2\/comments?post=75556"}],"version-history":[{"count":6,"href":"https:\/\/grupochapin.com\/en\/wp-json\/wp\/v2\/pages\/75556\/revisions"}],"predecessor-version":[{"id":80736,"href":"https:\/\/grupochapin.com\/en\/wp-json\/wp\/v2\/pages\/75556\/revisions\/80736"}],"up":[{"embeddable":true,"href":"https:\/\/grupochapin.com\/en\/wp-json\/wp\/v2\/pages\/75551"}],"wp:attachment":[{"href":"https:\/\/grupochapin.com\/en\/wp-json\/wp\/v2\/media?parent=75556"}],"curies":[{"name":"wp","href":"https:\/\/api.w.org\/{rel}","templated":true}]}}