{"id":79472,"date":"2019-06-05T09:57:07","date_gmt":"2019-06-05T08:57:07","guid":{"rendered":"https:\/\/grupochapin.com\/?page_id=79472"},"modified":"2019-06-05T10:02:06","modified_gmt":"2019-06-05T09:02:06","slug":"legal-disclaimer","status":"publish","type":"page","link":"https:\/\/grupochapin.com\/en\/about-us\/legal-disclaimer\/","title":{"rendered":"Legal disclaimer"},"content":{"rendered":"[vc_row css=&#8221;.vc_custom_1437125830010{margin-bottom: 70px !important;}&#8221;][vc_column][vc_column_text]<strong>OBJECT: <\/strong><\/p>\n<p>This web page has been designed to publicize the services offered by the entity TRANSPORTES CHAP\u00cdN, S.L., Laguna 3-5 Street, 28922 Alcorc\u00f3n, Alcorc\u00f3n, province of MADRID, with Postal Code 28922, Spain; as well as for the reception of potential clients, business contacts and employment offers.<\/p>\n<p>&nbsp;<\/p>\n<p><strong>INTELLECTUAL AND INDUSTRIAL PROPERTY:<\/strong><\/p>\n<p>The intellectual property rights of the web page <strong>https:\/\/www.grupochapin.com<\/strong> , its source code, design, navigation structures and the various elements contained therein are owned by TRANSPORTES CHAP\u00cdN, SL, to whom corresponds the exclusive exercise of the rights of exploitation of the latest in any way and, especially, the rights of reproduction, distribution, public communication and transformation, in accordance with the Spanish legislation and the applicable European Union Norm.<br \/>\nTRANSPORTES CHAP\u00cdN, SL web page\u00b4s content and the information orvany other elements contained therein, including texts, documents, photographs, drawings, graphic representations, computer programs, as well as logos, trademarks, trade names, or other distinctive signs are protected by intellectual or industrial property rights, of which TRANSPORTES CHAP\u00cdN, SL are the sole licensee or legitimate licensee.<\/p>\n<p>&nbsp;<\/p>\n<p><strong>CONTENTS:<\/strong><\/p>\n<p>This website provides information about services intended for public knowledge that in any case will be subject to the terms and conditions expressly detailed at each time and that are accessible from this website, which will be subject to the various legal provisions of application.<\/p>\n<p>&nbsp;<\/p>\n<p><strong>ACCESS AND USE:<\/strong><\/p>\n<p>Both the access to this website, and the use that may be made of the information and contents included in it, shall be the sole responsibility of the person who carries it out.<\/p>\n<p>The conditions of access to this Web will be subject to the current legality and the principles of good faith and lawful used by the user thereof, being prohibited in general any type of action to the detriment of TRANSPORTES CHAP\u00cdN, S.L.<\/p>\n<p>The use of this website for illegal or unauthorized purposes will be considered strictly prohibited.<\/p>\n<p>Any type of exploitation, including any type of reproduction, distribution, assignment to third parties, public communication and remodelling, by means of any type of support and medium, of the aforementioned works, creations and distinctive signs without prior and express authorization of their respective party is prohibited. Failure to comply with this prohibition may constitute an offense punishable by current legislation.<\/p>\n<p>However, at your own risk, the user may download or make copies of such elements exclusively for personal use, provided that it does not infringe any of the intellectual or industrial property rights of TRANSPORTES CHAP\u00cdN, SL, nor alter them in whole or in part. In no case shall this be interpreted as an authorization or license over the property rights of TRANSPORTES CHAP\u00cdN, S.L.<\/p>\n<p>It is prohibited, except in the cases expressly authorized by TRANSPORTES CHAP\u00cdN, SL, to present the pages of TRANSPORTES CHAP\u00cdN, SL, or the information contained in it under any frames, distinctive signs, trademarks or social or commercial names of another person, company or entity.<\/p>\n<p><strong>\u00a0<\/strong><\/p>\n<p><strong>RESPONSIBILITY:<\/strong><\/p>\n<p>TRANSPORTES CHAP\u00cdN, SL is not liable under any circumstances for any type of damage that users may cause to this website, or any other, by an illegal or improper use thereof, or the contents and information accessible or facilitated through it.<\/p>\n<p>&nbsp;<\/p>\n<p><strong>SERVICE:<\/strong><\/p>\n<p>TRANSPORTES CHAP\u00cdN, S.L. reserves the right to suspend access to its website, without prior notice, in a discretionary and temporary, for technical reasons or any other reason, and may also unilaterally modify both the access conditions, as all or part of the contents included in it.<\/p>\n<p>&nbsp;<\/p>\n<p><strong>GENERAL:<\/strong><\/p>\n<p>For any litigious or accidental matter to the TRANSPORTES CHAP\u00cdN, SL Web Page, the Spanish legislation will be applicable, being the entity competent for the resolution of all the conflicts derived or related to the use of this Web page, the Courts and Tribunals of the domicile of the the COMPANY in Madrid. Access to the TRANSPORTES CHAP\u00cdN, S.L. website implies the acceptance of all the conditions previously expressed.<\/p>\n<p>&nbsp;<\/p>\n<p><strong>HYPERLINKS:<\/strong><\/p>\n<p>The hyperlinks contained in the TRANSPORTES CHAP\u00cdN, S.L. webpage can direct to third-party websites. TRANSPORTES CHAP\u00cdN, S.L. does not assume any responsibility for the content, information or services that may appear on these sites, which will be exclusively informative and that in no case imply any relationship between TRANSPORTES CHAP\u00cdN, S.L. and the persons or entities holding such content or the owners of the sites wherever they are located.[\/vc_column_text][\/vc_column][\/vc_row]\n","protected":false},"excerpt":{"rendered":"<p>[vc_row css=&#8221;.vc_custom_1437125830010{margin-bottom: 70px !important;}&#8221;][vc_column][vc_column_text]OBJECT: This web page has been designed to publicize the services offered by the entity TRANSPORTES CHAP\u00cdN, [&hellip;]<\/p>\n","protected":false},"author":1,"featured_media":0,"parent":75411,"menu_order":9,"comment_status":"open","ping_status":"closed","template":"","meta":{"_monsterinsights_skip_tracking":false,"_monsterinsights_sitenote_active":false,"_monsterinsights_sitenote_note":"","_monsterinsights_sitenote_category":0},"yoast_head":"<!-- This site is optimized with the Yoast SEO plugin v21.0 - https:\/\/yoast.com\/wordpress\/plugins\/seo\/ -->\n<title>Legal disclaimer - Grupo CHAP\u00cdN<\/title>\n<meta name=\"robots\" content=\"index, follow, max-snippet:-1, max-image-preview:large, max-video-preview:-1\" \/>\n<link rel=\"canonical\" href=\"https:\/\/grupochapin.com\/en\/about-us\/legal-disclaimer\/\" \/>\n<meta property=\"og:locale\" content=\"en_US\" \/>\n<meta property=\"og:type\" content=\"article\" \/>\n<meta property=\"og:title\" content=\"Legal disclaimer - Grupo CHAP\u00cdN\" \/>\n<meta property=\"og:description\" content=\"[vc_row css=&#8221;.vc_custom_1437125830010{margin-bottom: 70px !important;}&#8221;][vc_column][vc_column_text]OBJECT: This web page has been designed to publicize the services offered by the entity TRANSPORTES CHAP\u00cdN, [&hellip;]\" \/>\n<meta property=\"og:url\" content=\"https:\/\/grupochapin.com\/en\/about-us\/legal-disclaimer\/\" \/>\n<meta property=\"og:site_name\" content=\"Grupo CHAP\u00cdN\" \/>\n<meta property=\"article:publisher\" content=\"https:\/\/www.facebook.com\/GrupoChapin\/\" \/>\n<meta property=\"article:modified_time\" content=\"2019-06-05T09:02:06+00:00\" \/>\n<meta name=\"twitter:card\" content=\"summary_large_image\" \/>\n<meta name=\"twitter:site\" content=\"@GrupoChapin\" \/>\n<meta name=\"twitter:label1\" content=\"Est. reading time\" \/>\n\t<meta name=\"twitter:data1\" content=\"4 minutes\" \/>\n<script type=\"application\/ld+json\" class=\"yoast-schema-graph\">{\"@context\":\"https:\/\/schema.org\",\"@graph\":[{\"@type\":\"WebPage\",\"@id\":\"https:\/\/grupochapin.com\/en\/about-us\/legal-disclaimer\/\",\"url\":\"https:\/\/grupochapin.com\/en\/about-us\/legal-disclaimer\/\",\"name\":\"Legal disclaimer - Grupo CHAP\u00cdN\",\"isPartOf\":{\"@id\":\"https:\/\/grupochapin.com\/en\/#website\"},\"datePublished\":\"2019-06-05T08:57:07+00:00\",\"dateModified\":\"2019-06-05T09:02:06+00:00\",\"breadcrumb\":{\"@id\":\"https:\/\/grupochapin.com\/en\/about-us\/legal-disclaimer\/#breadcrumb\"},\"inLanguage\":\"en-US\",\"potentialAction\":[{\"@type\":\"ReadAction\",\"target\":[\"https:\/\/grupochapin.com\/en\/about-us\/legal-disclaimer\/\"]}]},{\"@type\":\"BreadcrumbList\",\"@id\":\"https:\/\/grupochapin.com\/en\/about-us\/legal-disclaimer\/#breadcrumb\",\"itemListElement\":[{\"@type\":\"ListItem\",\"position\":1,\"name\":\"Portada\",\"item\":\"https:\/\/grupochapin.com\/en\/\"},{\"@type\":\"ListItem\",\"position\":2,\"name\":\"About us\",\"item\":\"https:\/\/grupochapin.com\/en\/about-us\/\"},{\"@type\":\"ListItem\",\"position\":3,\"name\":\"Legal disclaimer\"}]},{\"@type\":\"WebSite\",\"@id\":\"https:\/\/grupochapin.com\/en\/#website\",\"url\":\"https:\/\/grupochapin.com\/en\/\",\"name\":\"Grupo CHAP\u00cdN\",\"description\":\"Alquiler de autobuses y autocares en Madrid. Autobuses y autocarares con conductor en Madrid. Rutas escolares. Seguridad y confort.\",\"publisher\":{\"@id\":\"https:\/\/grupochapin.com\/en\/#organization\"},\"potentialAction\":[{\"@type\":\"SearchAction\",\"target\":{\"@type\":\"EntryPoint\",\"urlTemplate\":\"https:\/\/grupochapin.com\/en\/?s={search_term_string}\"},\"query-input\":\"required name=search_term_string\"}],\"inLanguage\":\"en-US\"},{\"@type\":\"Organization\",\"@id\":\"https:\/\/grupochapin.com\/en\/#organization\",\"name\":\"Grupo CHAP\u00cdN\",\"url\":\"https:\/\/grupochapin.com\/en\/\",\"logo\":{\"@type\":\"ImageObject\",\"inLanguage\":\"en-US\",\"@id\":\"https:\/\/grupochapin.com\/en\/#\/schema\/logo\/image\/\",\"url\":\"https:\/\/grupochapin.com\/wp-content\/uploads\/2017\/03\/logo.png\",\"contentUrl\":\"https:\/\/grupochapin.com\/wp-content\/uploads\/2017\/03\/logo.png\",\"width\":714,\"height\":193,\"caption\":\"Grupo CHAP\u00cdN\"},\"image\":{\"@id\":\"https:\/\/grupochapin.com\/en\/#\/schema\/logo\/image\/\"},\"sameAs\":[\"https:\/\/www.facebook.com\/GrupoChapin\/\",\"https:\/\/twitter.com\/GrupoChapin\",\"https:\/\/www.linkedin.com\/company\/grupo-chapin\",\"https:\/\/www.youtube.com\/channel\/UCCTQAilmUcKlKJ35SOnTgdQ\"]}]}<\/script>\n<!-- \/ Yoast SEO plugin. -->","yoast_head_json":{"title":"Legal disclaimer - Grupo CHAP\u00cdN","robots":{"index":"index","follow":"follow","max-snippet":"max-snippet:-1","max-image-preview":"max-image-preview:large","max-video-preview":"max-video-preview:-1"},"canonical":"https:\/\/grupochapin.com\/en\/about-us\/legal-disclaimer\/","og_locale":"en_US","og_type":"article","og_title":"Legal disclaimer - Grupo CHAP\u00cdN","og_description":"[vc_row css=&#8221;.vc_custom_1437125830010{margin-bottom: 70px !important;}&#8221;][vc_column][vc_column_text]OBJECT: This web page has been designed to publicize the services offered by the entity TRANSPORTES CHAP\u00cdN, [&hellip;]","og_url":"https:\/\/grupochapin.com\/en\/about-us\/legal-disclaimer\/","og_site_name":"Grupo CHAP\u00cdN","article_publisher":"https:\/\/www.facebook.com\/GrupoChapin\/","article_modified_time":"2019-06-05T09:02:06+00:00","twitter_card":"summary_large_image","twitter_site":"@GrupoChapin","twitter_misc":{"Est. reading time":"4 minutes"},"schema":{"@context":"https:\/\/schema.org","@graph":[{"@type":"WebPage","@id":"https:\/\/grupochapin.com\/en\/about-us\/legal-disclaimer\/","url":"https:\/\/grupochapin.com\/en\/about-us\/legal-disclaimer\/","name":"Legal disclaimer - Grupo CHAP\u00cdN","isPartOf":{"@id":"https:\/\/grupochapin.com\/en\/#website"},"datePublished":"2019-06-05T08:57:07+00:00","dateModified":"2019-06-05T09:02:06+00:00","breadcrumb":{"@id":"https:\/\/grupochapin.com\/en\/about-us\/legal-disclaimer\/#breadcrumb"},"inLanguage":"en-US","potentialAction":[{"@type":"ReadAction","target":["https:\/\/grupochapin.com\/en\/about-us\/legal-disclaimer\/"]}]},{"@type":"BreadcrumbList","@id":"https:\/\/grupochapin.com\/en\/about-us\/legal-disclaimer\/#breadcrumb","itemListElement":[{"@type":"ListItem","position":1,"name":"Portada","item":"https:\/\/grupochapin.com\/en\/"},{"@type":"ListItem","position":2,"name":"About us","item":"https:\/\/grupochapin.com\/en\/about-us\/"},{"@type":"ListItem","position":3,"name":"Legal disclaimer"}]},{"@type":"WebSite","@id":"https:\/\/grupochapin.com\/en\/#website","url":"https:\/\/grupochapin.com\/en\/","name":"Grupo CHAP\u00cdN","description":"Alquiler de autobuses y autocares en Madrid. Autobuses y autocarares con conductor en Madrid. Rutas escolares. Seguridad y confort.","publisher":{"@id":"https:\/\/grupochapin.com\/en\/#organization"},"potentialAction":[{"@type":"SearchAction","target":{"@type":"EntryPoint","urlTemplate":"https:\/\/grupochapin.com\/en\/?s={search_term_string}"},"query-input":"required name=search_term_string"}],"inLanguage":"en-US"},{"@type":"Organization","@id":"https:\/\/grupochapin.com\/en\/#organization","name":"Grupo CHAP\u00cdN","url":"https:\/\/grupochapin.com\/en\/","logo":{"@type":"ImageObject","inLanguage":"en-US","@id":"https:\/\/grupochapin.com\/en\/#\/schema\/logo\/image\/","url":"https:\/\/grupochapin.com\/wp-content\/uploads\/2017\/03\/logo.png","contentUrl":"https:\/\/grupochapin.com\/wp-content\/uploads\/2017\/03\/logo.png","width":714,"height":193,"caption":"Grupo CHAP\u00cdN"},"image":{"@id":"https:\/\/grupochapin.com\/en\/#\/schema\/logo\/image\/"},"sameAs":["https:\/\/www.facebook.com\/GrupoChapin\/","https:\/\/twitter.com\/GrupoChapin","https:\/\/www.linkedin.com\/company\/grupo-chapin","https:\/\/www.youtube.com\/channel\/UCCTQAilmUcKlKJ35SOnTgdQ"]}]}},"_links":{"self":[{"href":"https:\/\/grupochapin.com\/en\/wp-json\/wp\/v2\/pages\/79472"}],"collection":[{"href":"https:\/\/grupochapin.com\/en\/wp-json\/wp\/v2\/pages"}],"about":[{"href":"https:\/\/grupochapin.com\/en\/wp-json\/wp\/v2\/types\/page"}],"author":[{"embeddable":true,"href":"https:\/\/grupochapin.com\/en\/wp-json\/wp\/v2\/users\/1"}],"replies":[{"embeddable":true,"href":"https:\/\/grupochapin.com\/en\/wp-json\/wp\/v2\/comments?post=79472"}],"version-history":[{"count":2,"href":"https:\/\/grupochapin.com\/en\/wp-json\/wp\/v2\/pages\/79472\/revisions"}],"predecessor-version":[{"id":79474,"href":"https:\/\/grupochapin.com\/en\/wp-json\/wp\/v2\/pages\/79472\/revisions\/79474"}],"up":[{"embeddable":true,"href":"https:\/\/grupochapin.com\/en\/wp-json\/wp\/v2\/pages\/75411"}],"wp:attachment":[{"href":"https:\/\/grupochapin.com\/en\/wp-json\/wp\/v2\/media?parent=79472"}],"curies":[{"name":"wp","href":"https:\/\/api.w.org\/{rel}","templated":true}]}}